{"id":372,"date":"2019-05-21T18:35:24","date_gmt":"2019-05-21T18:35:24","guid":{"rendered":"http:\/\/www.encontravitoria.com.br\/noticias\/?page_id=372"},"modified":"2025-11-24T14:44:44","modified_gmt":"2025-11-24T14:44:44","slug":"sobre-vitoria","status":"publish","type":"page","link":"https:\/\/www.encontravitoria.com.br\/sobre\/","title":{"rendered":"Sobre Vit\u00f3ria"},"content":{"rendered":"<div class=\"23ed37709e053b55400ee1990aeffe41\" data-index=\"1\" style=\"float: none; margin:0px;\">\n<!-- Anuncio display - global -->\r\n<ins class=\"adsbygoogle\"\r\n     style=\"display:block\"\r\n     data-ad-client=\"ca-pub-8585364105181520\"\r\n     data-ad-slot=\"8789329856\"\r\n     data-ad-format=\"auto\"\r\n     data-full-width-responsive=\"true\"><\/ins>\r\n<script>\r\n     (adsbygoogle = window.adsbygoogle || []).push({});\r\n<\/script>\n<\/div>\n<h2>Limites &#8211; Cidades Vizinhas<\/h2>\n<p><a href=\"https:\/\/www.encontracariacica.com.br\/\" target=\"_blank\" rel=\"noopener noreferrer\">Cariacica<\/a>, Serra e Vila Velha<\/p>\n<h2>Dados Principais sobre Vit\u00f3ria<\/h2>\n<p><strong>Anivers\u00e1rio:<\/strong> 8 de setembro<br \/>\n<strong>Funda\u00e7\u00e3o:<\/strong> 1551<br \/>\n<strong>Gent\u00edlico:<\/strong> <em>Vitoriense<\/em><br \/>\n<b>\u00c1rea:<\/b> 93,381 Km\u00b2<br \/>\n<strong>Popula\u00e7\u00e3o:<\/strong> 358 267 hab. (2018)<br \/>\n<strong>IDH:<\/strong> 0,845 &#8211; elevado<br \/>\n<a href=\"https:\/\/www.cartoriosdobrasil.org\/cidade\/vitoria\" target=\"_blank\" rel=\"noopener\"><strong>Cart\u00f3rios:<\/strong> 13 unidades<\/a><br \/>\n<strong>Prefeitura:<\/strong> Vit\u00f3ria<\/p>\n<h2>Hist\u00f3ria de Vit\u00f3ria<\/h2>\n<p><img loading=\"lazy\" decoding=\"async\" class=\"aligncenter size-full wp-image-410\" src=\"https:\/\/www.encontravitoria.com.br\/sobre\/wp-content\/uploads\/2019\/05\/sobre-a-cidade-devitoria-es.jpg\" alt=\"\" width=\"737\" height=\"258\" srcset=\"https:\/\/www.encontravitoria.com.br\/sobre\/wp-content\/uploads\/2019\/05\/sobre-a-cidade-devitoria-es.jpg 737w, https:\/\/www.encontravitoria.com.br\/sobre\/wp-content\/uploads\/2019\/05\/sobre-a-cidade-devitoria-es-300x105.jpg 300w\" sizes=\"auto, (max-width: 737px) 100vw, 737px\" \/><\/p>\n<p><strong>Vit\u00f3ria<\/strong> \u00e9 a capital do estado do Esp\u00edrito Santo, e uma das tr\u00eas ilhas-capitais do Brasil (as outras s\u00e3o Florian\u00f3polis e S\u00e3o Lu\u00eds).<\/p>\n<p>Com uma popula\u00e7\u00e3o de 330.526 habitantes, segundo estimativas de 2011 do IBGE, a cidade \u00e9 a quarta mais populosa do estado (atr\u00e1s dos munic\u00edpios lim\u00edtrofes de sua regi\u00e3o metropolitana: Vila Velha, Serra e Cariacica) e integra uma \u00e1rea geogr\u00e1fica de grande n\u00edvel de urbaniza\u00e7\u00e3o denominada Regi\u00e3o Metropolitana da Grande Vit\u00f3ria, compreendida pelos munic\u00edpios de Vit\u00f3ria, Cariacica, Fund\u00e3o, Guarapari, Serra, Viana e Vila Velha.<\/p>\n<p><a href=\"https:\/\/www.encontravitoria.com.br\/\">Vit\u00f3ria<\/a> \u00e9 cercada pela Ba\u00eda de Vit\u00f3ria, \u00e9 uma ilha de tipo fluviomarinho. Al\u00e9m da ilha principal, Vit\u00f3ria, fazem parte do munic\u00edpio outras 34 ilhas e uma por\u00e7\u00e3o continental, perfazendo um total de 93,381 km\u00b2. Originalmente eram 50 ilhas, muitas das quais foram agregadas por meio de aterro \u00e0 ilha maior.<\/p>\n<p>Entre as capitais do Brasil, Vit\u00f3ria possui o 3\u00b0 melhor IDH e o maior PIB per capita.<br \/>\nVit\u00f3ria possui dois grandes portos, o Porto de Vit\u00f3ria e o Porto de Tubar\u00e3o. Esses portos fazem parte do maior complexo portu\u00e1rio do Brasil, que inclui v\u00e1rios portos do estado, e s\u00e3o considerados os melhores (em qualidade) do Brasil.<\/p>\n<p>A cidade administra a Ilha de Trindade e a Ilha de Martim Vaz, a 1100 km da costa, que s\u00e3o importantes bases meteorol\u00f3gicas por causa de sua posi\u00e7\u00e3o estrat\u00e9gica, em \u00e1rea de dispers\u00e3o de massas de ar.<\/p>\n<h3>Hist\u00f3ria<\/h3>\n<p>Vit\u00f3ria surgiu devido aos constantes ataques ind\u00edgenas, franceses e holandeses a Vila Velha, que era a capital da capitania do Esp\u00edrito Santo. Os portugueses decidiram ent\u00e3o mudar a capital e escolheram uma ilha pr\u00f3xima ao continente, chamada pelos \u00edndios de Ilha de Guanaani. A Vila Nova do Esp\u00edrito Santo, como era denominada, foi fundada em 8 de setembro de 1551 e posteriormente denominada Vit\u00f3ria, em mem\u00f3ria da vit\u00f3ria em uma grande batalha comandada pelo donat\u00e1rio da capitania, Vasco Fernandes Coutinho, contra os Goitacases.<\/p>\n<p>At\u00e9 o s\u00e9culo passado, os limites da capital capixaba eram o atual Forte de S\u00e3o Jo\u00e3o, onde atualmente est\u00e1 localizado o Clube de Regatas Saldanha da Gama, pr\u00f3ximo ao centro da cidade, e tamb\u00e9m o morro onde funciona o atual hospital da Santa Casa de Miseric\u00f3rdia, no bairro Vila Rubim. A cidade foi sendo constru\u00edda nas partes altas, o que deu origem a diversas ruas estreitas. A parte de baixo foi sujeita a ataques e devido a isso foram constru\u00eddos v\u00e1rios fortes na beira do mar.<\/p>\n<p>Em 24 de fevereiro de 1823 (17 de mar\u00e7o de 1829 ?) a vila de Vit\u00f3ria foi elevada a cidade, mas seu isolamento insular evitava seu desenvolvimento. A partir do ano de 1894, com o ciclo do caf\u00e9, iniciaram-se na ilha diversos aterros nas partes baixas da cidade, alterando a forma da ilha e modernizando-a. Foram constru\u00eddas ap\u00f3s disso diversos bairros, escadarias e foram derrubados casar\u00f5es. Al\u00e9m disso foi melhorado o saneamento.<\/p>\n<p>Em 1941 surgiu o primeiro cais na capital e em 1927 a ponte que ligou a ilha ao continente. O porto se desenvolveu. Em 1949 foram feitos mais aterros e foram constru\u00eddas amplas avenidas. Depois dessas v\u00e1rias mudan\u00e7as a cidade tornou-se o maior centro do Esp\u00edrito Santo. Em 1970 o Porto de Vit\u00f3ria se tornou um dos mais importantes do pa\u00eds, e a capital come\u00e7ou a se industrializar. A moderniza\u00e7\u00e3o da ilha gerou o desaparecimento de quase todos os vest\u00edgios da Col\u00f4nia e do Imp\u00e9rio na ilha.<\/p>\n<h3>Economia<\/h3>\n<p>A economia de Vit\u00f3ria \u00e9 voltada para as atividades portu\u00e1rias, ao com\u00e9rcio ativo, a ind\u00fastria, a presta\u00e7\u00e3o de servi\u00e7os e tamb\u00e9m ao turismo de neg\u00f3cios. A capital capixaba conta com dois portos que s\u00e3o dos mais importantes do pa\u00eds: o Porto de Vit\u00f3ria e o Porto de Tubar\u00e3o. As ind\u00fastrias mais importantes da capital s\u00e3o a ArcelorMittal Tubar\u00e3o (antiga CST) e Vale (antiga CVRD\/Companhia Vale do Rio Doce). Esses portos, junto com v\u00e1rios outros do estado, formam o maior complexo portu\u00e1rio do Brasil.<\/p>\n<h3>Seguran\u00e7a<\/h3>\n<p>A <a href=\"https:\/\/www.prefeituradevitoria.org\/\" target=\"_blank\" rel=\"noopener noreferrer\">prefeitura de Vit\u00f3ria<\/a> criou, no ano de 2003, a Guarda Civil Municipal de Vit\u00f3ria, atrav\u00e9s da Lei Municipal n\u00b0 6.033\/2003.<\/p>\n<p>A Ger\u00eancia de Prote\u00e7\u00e3o Comunit\u00e1ria \u00e9 respons\u00e1vel, dentro da estrutura da GCMV, com os Agentes Comunit\u00e1rios de Seguran\u00e7a, pelo patrulhamento municipal, atuando nas principais orlas (praias), parques e pra\u00e7as da cidade, al\u00e9m de estarem sempre presente nas escolas e creches municipais, com o intuito de dirimir conflitos, assim como nos pontos tur\u00edsticos tradicionais e eventos culturais, mantendo a ordem e encaminhando \u00e0 autoridade policial, os casos em flagrante delito.<\/p>\n<p>No m\u00eas de abril do ano de 2008, foi a primeira Guarda Municipal que teve aprovado, junto \u00e0 Pol\u00edcia Federal, o emprego de armamento segundo o que diz a Lei n\u00ba 10.826 de 2003 (estatuto do desarmamento), sendo a primeira Guarda (GM) do pa\u00eds a atuar legalmente armada, sem recorrer ao Poder Judici\u00e1rio (mandado de seguran\u00e7a ou habeas corpos preventivo).<\/p>\n<p>Os Guardas de Vit\u00f3ria est\u00e3o aptos a orientarem a popula\u00e7\u00e3o e seus visitantes inclusive com informa\u00e7\u00f5es tur\u00edsticas.<\/p>\n<p>Atualmente o efetivo \u00e9 de 200 Agentes Comunit\u00e1rios de Seguran\u00e7a (ACS &#8211; farda AZUL) realizando ronda permanente no territ\u00f3rio municipal, em viaturas, motocicletas, bicicletas, quadric\u00edclos e no patrulhamento ostensivo a p\u00e9. A previs\u00e3o \u00e9 de ampliar para 500 ACS.<\/p>\n<h3>Religi\u00e3o<\/h3>\n<p>O Catolicismo \u00e9 a religi\u00e3o mais professada na <a href=\"https:\/\/www.encontravitoria.com.br\/\">cidade de Vit\u00f3ria<\/a>, assim como em todo o Esp\u00edrito Santo, embora seja grande o nominalismo religioso entre os cat\u00f3licos do estado. Nossa Senhora da Penha \u00e9 considerada pelos cat\u00f3licos a padroeira do Esp\u00edrito Santo.<br \/>\nEntre os evang\u00e9licos, a maior denomina\u00e7\u00e3o de Vit\u00f3ria \u00e9 a Assembl\u00e9ia de Deus em suas v\u00e1rias ramifica\u00e7\u00f5es, seguida da Igreja Crist\u00e3 Maranata, fundada no estado h\u00e1 43 anos e da multifacetada Igreja Batista. H\u00e1 ainda uma forte presen\u00e7a da Igreja do Evangelho Quadrangular nos bairros de periferia. Entre os protestantes destaca-se a Igreja Presbiteriana do Brasil, que desenvolve relevante projeto social atrav\u00e9s do Instituto Sar\u00e7a e a Igreja Evang\u00e9lica de Confiss\u00e3o Luterana no Brasil, com o renomado Col\u00e9gio Martim Lutero.<\/p>\n<p>O n\u00famero de adeptos do chamado cristianismo de fronteira (Restauracionismo), ou seja, com ensinos bem diferentes das demais vertentes crist\u00e3s cresce rapidamente com as Testemunhas de Jeov\u00e1 e Santos dos \u00daltimos Dias, conhecidos como M\u00f3rmons, al\u00e9m da grande representatividade j\u00e1 estabelecida pela Igreja Adventista do S\u00e9timo Dia, que possui o n\u00e3o menos conhecido educand\u00e1rio Col\u00e9gio Adventista e a emissora de r\u00e1dio Novo Tempo.<\/p>\n<p>Existe uma pequena comunidade grega na cidade, pertencentes \u00e0 Igreja Ortodoxa Grega.<\/p>\n<p>Tem-se ainda uma consider\u00e1vel parcela de esp\u00edritas e n\u00e3o-religiosos. Conta tamb\u00e9m com seguidores do budismo, islamismo, rosacruz, seicho-no-i\u00ea, f\u00e9 baha&#8217;\u00ed, uni\u00e3o do vegetal (santo daime), umbandismo, candomble\u00edsmo, entre outras.<\/p>\n<p>Para homenagear a comunidade de moradores desta maravilhosa cidade, o <a href=\"https:\/\/www.encontraespiritosanto.com.br\/\" target=\"_blank\" rel=\"noopener noreferrer\">Encontra Esp\u00edrito Santo<\/a> criou o <a href=\"https:\/\/www.encontravitoria.com.br\/\">Encontra Vit\u00f3ria<\/a>.<\/p>\n\n<div style=\"font-size: 0px; height: 0px; line-height: 0px; margin: 0; padding: 0; clear: both;\"><\/div>","protected":false},"excerpt":{"rendered":"<p>Limites &#8211; Cidades Vizinhas Cariacica, Serra e Vila Velha Dados Principais sobre Vit\u00f3ria Anivers\u00e1rio: 8 de setembro Funda\u00e7\u00e3o: 1551 Gent\u00edlico: Vitoriense \u00c1rea: 93,381 Km\u00b2 Popula\u00e7\u00e3o: 358 267 hab. (2018) IDH: 0,845 &#8211; elevado Cart\u00f3rios: 13 unidades Prefeitura: Vit\u00f3ria Hist\u00f3ria de Vit\u00f3ria Vit\u00f3ria \u00e9 a capital do estado do Esp\u00edrito Santo, e uma das tr\u00eas ilhas-capitais do Brasil (as outras s\u00e3o Florian\u00f3polis e S\u00e3o Lu\u00eds). Com uma popula\u00e7\u00e3o de 330.526 habitantes, segundo estimativas de 2011 do IBGE, a cidade \u00e9 a quarta mais populosa do estado (atr\u00e1s dos munic\u00edpios lim\u00edtrofes de sua regi\u00e3o metropolitana: Vila Velha, Serra e Cariacica) e integra <\/p>\n","protected":false},"author":1,"featured_media":0,"parent":0,"menu_order":0,"comment_status":"closed","ping_status":"closed","template":"","meta":{"footnotes":""},"class_list":["post-372","page","type-page","status-publish","hentry"],"yoast_head":"<!-- This site is optimized with the Yoast SEO plugin v26.7 - https:\/\/yoast.com\/wordpress\/plugins\/seo\/ -->\n<title>Sobre Vit\u00f3ria - Encontra Vit\u00f3ria<\/title>\n<meta name=\"robots\" content=\"index, follow, max-snippet:-1, max-image-preview:large, max-video-preview:-1\" \/>\n<link rel=\"canonical\" href=\"https:\/\/www.encontravitoria.com.br\/sobre\/\" \/>\n<meta property=\"og:locale\" content=\"pt_BR\" \/>\n<meta property=\"og:type\" content=\"article\" \/>\n<meta property=\"og:title\" content=\"Sobre Vit\u00f3ria - Encontra Vit\u00f3ria\" \/>\n<meta property=\"og:description\" content=\"Limites &#8211; Cidades Vizinhas Cariacica, Serra e Vila Velha Dados Principais sobre Vit\u00f3ria Anivers\u00e1rio: 8 de setembro Funda\u00e7\u00e3o: 1551 Gent\u00edlico: Vitoriense \u00c1rea: 93,381 Km\u00b2 Popula\u00e7\u00e3o: 358 267 hab. (2018) IDH: 0,845 &#8211; elevado Cart\u00f3rios: 13 unidades Prefeitura: Vit\u00f3ria Hist\u00f3ria de Vit\u00f3ria Vit\u00f3ria \u00e9 a capital do estado do Esp\u00edrito Santo, e uma das tr\u00eas ilhas-capitais do Brasil (as outras s\u00e3o Florian\u00f3polis e S\u00e3o Lu\u00eds). Com uma popula\u00e7\u00e3o de 330.526 habitantes, segundo estimativas de 2011 do IBGE, a cidade \u00e9 a quarta mais populosa do estado (atr\u00e1s dos munic\u00edpios lim\u00edtrofes de sua regi\u00e3o metropolitana: Vila Velha, Serra e Cariacica) e integra\" \/>\n<meta property=\"og:url\" content=\"https:\/\/www.encontravitoria.com.br\/sobre\/\" \/>\n<meta property=\"og:site_name\" content=\"Encontra Vit\u00f3ria\" \/>\n<meta property=\"article:modified_time\" content=\"2025-11-24T14:44:44+00:00\" \/>\n<meta property=\"og:image\" content=\"https:\/\/www.encontravitoria.com.br\/sobre\/wp-content\/uploads\/2019\/05\/sobre-a-cidade-devitoria-es.jpg\" \/>\n\t<meta property=\"og:image:width\" content=\"737\" \/>\n\t<meta property=\"og:image:height\" content=\"258\" \/>\n\t<meta property=\"og:image:type\" content=\"image\/jpeg\" \/>\n<meta name=\"twitter:card\" content=\"summary_large_image\" \/>\n<meta name=\"twitter:label1\" content=\"Est. tempo de leitura\" \/>\n\t<meta name=\"twitter:data1\" content=\"7 minutos\" \/>\n<script type=\"application\/ld+json\" class=\"yoast-schema-graph\">{\"@context\":\"https:\/\/schema.org\",\"@graph\":[{\"@type\":\"WebPage\",\"@id\":\"https:\/\/www.encontravitoria.com.br\/sobre\/\",\"url\":\"https:\/\/www.encontravitoria.com.br\/sobre\/\",\"name\":\"Sobre Vit\u00f3ria - Encontra Vit\u00f3ria\",\"isPartOf\":{\"@id\":\"https:\/\/www.encontravitoria.com.br\/sobre\/#website\"},\"primaryImageOfPage\":{\"@id\":\"https:\/\/www.encontravitoria.com.br\/sobre\/#primaryimage\"},\"image\":{\"@id\":\"https:\/\/www.encontravitoria.com.br\/sobre\/#primaryimage\"},\"thumbnailUrl\":\"https:\/\/www.encontravitoria.com.br\/sobre\/wp-content\/uploads\/2019\/05\/sobre-a-cidade-devitoria-es.jpg\",\"datePublished\":\"2019-05-21T18:35:24+00:00\",\"dateModified\":\"2025-11-24T14:44:44+00:00\",\"breadcrumb\":{\"@id\":\"https:\/\/www.encontravitoria.com.br\/sobre\/#breadcrumb\"},\"inLanguage\":\"pt-BR\",\"potentialAction\":[{\"@type\":\"ReadAction\",\"target\":[\"https:\/\/www.encontravitoria.com.br\/sobre\/\"]}]},{\"@type\":\"ImageObject\",\"inLanguage\":\"pt-BR\",\"@id\":\"https:\/\/www.encontravitoria.com.br\/sobre\/#primaryimage\",\"url\":\"https:\/\/www.encontravitoria.com.br\/sobre\/wp-content\/uploads\/2019\/05\/sobre-a-cidade-devitoria-es.jpg\",\"contentUrl\":\"https:\/\/www.encontravitoria.com.br\/sobre\/wp-content\/uploads\/2019\/05\/sobre-a-cidade-devitoria-es.jpg\",\"width\":737,\"height\":258},{\"@type\":\"BreadcrumbList\",\"@id\":\"https:\/\/www.encontravitoria.com.br\/sobre\/#breadcrumb\",\"itemListElement\":[{\"@type\":\"ListItem\",\"position\":1,\"name\":\"In\u00edcio\",\"item\":\"https:\/\/www.encontravitoria.com.br\/sobre\/\"},{\"@type\":\"ListItem\",\"position\":2,\"name\":\"Sobre Vit\u00f3ria\"}]},{\"@type\":\"WebSite\",\"@id\":\"https:\/\/www.encontravitoria.com.br\/sobre\/#website\",\"url\":\"https:\/\/www.encontravitoria.com.br\/sobre\/\",\"name\":\"Encontra Vit\u00f3ria\",\"description\":\"Not\u00edcias, eventos, informa\u00e7\u00f5es e dicas na cidade Vit\u00f3ria e regi\u00e3o.\",\"potentialAction\":[{\"@type\":\"SearchAction\",\"target\":{\"@type\":\"EntryPoint\",\"urlTemplate\":\"https:\/\/www.encontravitoria.com.br\/sobre\/?s={search_term_string}\"},\"query-input\":{\"@type\":\"PropertyValueSpecification\",\"valueRequired\":true,\"valueName\":\"search_term_string\"}}],\"inLanguage\":\"pt-BR\"}]}<\/script>\n<!-- \/ Yoast SEO plugin. -->","yoast_head_json":{"title":"Sobre Vit\u00f3ria - Encontra Vit\u00f3ria","robots":{"index":"index","follow":"follow","max-snippet":"max-snippet:-1","max-image-preview":"max-image-preview:large","max-video-preview":"max-video-preview:-1"},"canonical":"https:\/\/www.encontravitoria.com.br\/sobre\/","og_locale":"pt_BR","og_type":"article","og_title":"Sobre Vit\u00f3ria - Encontra Vit\u00f3ria","og_description":"Limites &#8211; Cidades Vizinhas Cariacica, Serra e Vila Velha Dados Principais sobre Vit\u00f3ria Anivers\u00e1rio: 8 de setembro Funda\u00e7\u00e3o: 1551 Gent\u00edlico: Vitoriense \u00c1rea: 93,381 Km\u00b2 Popula\u00e7\u00e3o: 358 267 hab. (2018) IDH: 0,845 &#8211; elevado Cart\u00f3rios: 13 unidades Prefeitura: Vit\u00f3ria Hist\u00f3ria de Vit\u00f3ria Vit\u00f3ria \u00e9 a capital do estado do Esp\u00edrito Santo, e uma das tr\u00eas ilhas-capitais do Brasil (as outras s\u00e3o Florian\u00f3polis e S\u00e3o Lu\u00eds). Com uma popula\u00e7\u00e3o de 330.526 habitantes, segundo estimativas de 2011 do IBGE, a cidade \u00e9 a quarta mais populosa do estado (atr\u00e1s dos munic\u00edpios lim\u00edtrofes de sua regi\u00e3o metropolitana: Vila Velha, Serra e Cariacica) e integra","og_url":"https:\/\/www.encontravitoria.com.br\/sobre\/","og_site_name":"Encontra Vit\u00f3ria","article_modified_time":"2025-11-24T14:44:44+00:00","og_image":[{"width":737,"height":258,"url":"https:\/\/www.encontravitoria.com.br\/sobre\/wp-content\/uploads\/2019\/05\/sobre-a-cidade-devitoria-es.jpg","type":"image\/jpeg"}],"twitter_card":"summary_large_image","twitter_misc":{"Est. tempo de leitura":"7 minutos"},"schema":{"@context":"https:\/\/schema.org","@graph":[{"@type":"WebPage","@id":"https:\/\/www.encontravitoria.com.br\/sobre\/","url":"https:\/\/www.encontravitoria.com.br\/sobre\/","name":"Sobre Vit\u00f3ria - Encontra Vit\u00f3ria","isPartOf":{"@id":"https:\/\/www.encontravitoria.com.br\/sobre\/#website"},"primaryImageOfPage":{"@id":"https:\/\/www.encontravitoria.com.br\/sobre\/#primaryimage"},"image":{"@id":"https:\/\/www.encontravitoria.com.br\/sobre\/#primaryimage"},"thumbnailUrl":"https:\/\/www.encontravitoria.com.br\/sobre\/wp-content\/uploads\/2019\/05\/sobre-a-cidade-devitoria-es.jpg","datePublished":"2019-05-21T18:35:24+00:00","dateModified":"2025-11-24T14:44:44+00:00","breadcrumb":{"@id":"https:\/\/www.encontravitoria.com.br\/sobre\/#breadcrumb"},"inLanguage":"pt-BR","potentialAction":[{"@type":"ReadAction","target":["https:\/\/www.encontravitoria.com.br\/sobre\/"]}]},{"@type":"ImageObject","inLanguage":"pt-BR","@id":"https:\/\/www.encontravitoria.com.br\/sobre\/#primaryimage","url":"https:\/\/www.encontravitoria.com.br\/sobre\/wp-content\/uploads\/2019\/05\/sobre-a-cidade-devitoria-es.jpg","contentUrl":"https:\/\/www.encontravitoria.com.br\/sobre\/wp-content\/uploads\/2019\/05\/sobre-a-cidade-devitoria-es.jpg","width":737,"height":258},{"@type":"BreadcrumbList","@id":"https:\/\/www.encontravitoria.com.br\/sobre\/#breadcrumb","itemListElement":[{"@type":"ListItem","position":1,"name":"In\u00edcio","item":"https:\/\/www.encontravitoria.com.br\/sobre\/"},{"@type":"ListItem","position":2,"name":"Sobre Vit\u00f3ria"}]},{"@type":"WebSite","@id":"https:\/\/www.encontravitoria.com.br\/sobre\/#website","url":"https:\/\/www.encontravitoria.com.br\/sobre\/","name":"Encontra Vit\u00f3ria","description":"Not\u00edcias, eventos, informa\u00e7\u00f5es e dicas na cidade Vit\u00f3ria e regi\u00e3o.","potentialAction":[{"@type":"SearchAction","target":{"@type":"EntryPoint","urlTemplate":"https:\/\/www.encontravitoria.com.br\/sobre\/?s={search_term_string}"},"query-input":{"@type":"PropertyValueSpecification","valueRequired":true,"valueName":"search_term_string"}}],"inLanguage":"pt-BR"}]}},"_links":{"self":[{"href":"https:\/\/www.encontravitoria.com.br\/sobre\/wp-json\/wp\/v2\/pages\/372","targetHints":{"allow":["GET"]}}],"collection":[{"href":"https:\/\/www.encontravitoria.com.br\/sobre\/wp-json\/wp\/v2\/pages"}],"about":[{"href":"https:\/\/www.encontravitoria.com.br\/sobre\/wp-json\/wp\/v2\/types\/page"}],"author":[{"embeddable":true,"href":"https:\/\/www.encontravitoria.com.br\/sobre\/wp-json\/wp\/v2\/users\/1"}],"replies":[{"embeddable":true,"href":"https:\/\/www.encontravitoria.com.br\/sobre\/wp-json\/wp\/v2\/comments?post=372"}],"version-history":[{"count":0,"href":"https:\/\/www.encontravitoria.com.br\/sobre\/wp-json\/wp\/v2\/pages\/372\/revisions"}],"wp:attachment":[{"href":"https:\/\/www.encontravitoria.com.br\/sobre\/wp-json\/wp\/v2\/media?parent=372"}],"curies":[{"name":"wp","href":"https:\/\/api.w.org\/{rel}","templated":true}]}}